{"id":1170,"date":"2024-04-14T18:19:24","date_gmt":"2024-04-14T18:19:24","guid":{"rendered":"https:\/\/frpcunha.pt\/2022\/?post_type=product&#038;p=1170"},"modified":"2024-04-14T19:03:47","modified_gmt":"2024-04-14T19:03:47","slug":"martelo-a-bateria-herocco-tp-hd-18-26-li-bl-solo","status":"publish","type":"product","link":"https:\/\/frpcunha.pt\/2022\/produto\/martelo-a-bateria-herocco-tp-hd-18-26-li-bl-solo\/","title":{"rendered":"MARTELO A BATERIA HEROCCO TP-HD 18\/26 Li BL &#8211; Solo"},"content":{"rendered":"<div class=\"information__meta\"><strong><span class=\"meta\"><span class=\"bold\">Ref\u00aa <\/span><span class=\"data-point-itemno\">4514265<\/span><\/span><\/strong><\/div>\n<div class=\"information__content -standard-list\">\n<ul>\n<li class=\" meta\">Membro da fam\u00edlia de produtos Power X-Change<\/li>\n<li class=\" meta\">O martelo perfurador sem fio Einhell Professional TP-HD 18\/26 Li BL-Solo \u00e9 um verdadeiro talento multi\u00fasos<\/li>\n<li class=\" meta\">Combina quatro fun\u00e7\u00f5es num aparelho: Perfura\u00e7\u00e3o, com martelo, cinzelagem com e sem fixa\u00e7\u00e3o<\/li>\n<li class=\" meta\">Essas fun\u00e7\u00f5es podem ser definidas usando um interruptor de posi\u00e7\u00e3o central<\/li>\n<li class=\" meta\">O dispositivo \u00e9 acionado pelo poderoso motor sem escova Einhell PurePOWER, este motor sem escovas oferece mais pot\u00eancia e um tempo de funcionamento mais longo do que os motores convencionais com escovas de carbono<\/li>\n<li class=\" meta\">Ap\u00f3s o registo online o motor sem escovas tem garantia de 10 anos<\/li>\n<li class=\" meta\">O mecanismo de martelo pneum\u00e1tico funciona com uma frequ\u00eancia de at\u00e9 5.500 impactos por minuto e uma resist\u00eancia ao impacto de 2,6 joules<\/li>\n<li class=\" meta\">Gra\u00e7as ao seu elevado desempenho de perfura\u00e7\u00e3o, o martelo perfurador pode fazer furos com um di\u00e2metro de at\u00e9 26 mm em bet\u00e3o<\/li>\n<li class=\" meta\">O porta-ferramentas universal SDS-plus com mecanismo semiautom\u00e1tico assegura mudan\u00e7as de ferramentas r\u00e1pidas e f\u00e1ceis<\/li>\n<li class=\" meta\">A velocidade pode ser ajustada com precis\u00e3o, dependendo do material e da tarefa<\/li>\n<li class=\" meta\">O funcionamento \u00e9 agrad\u00e1vel e sem fadiga, gra\u00e7as \u00e0 \u00e1rea ergon\u00f3mica da pega com ader\u00eancia macia<\/li>\n<li class=\" meta\">A pega encontra-se amortecida contra vibra\u00e7\u00f5es para um trabalho de baixa vibra\u00e7\u00e3o e preciso<\/li>\n<li class=\" meta\">O batente de profundidade de perfura\u00e7\u00e3o robusto para furos precisos \u00e9 infinitamente ajust\u00e1vel<\/li>\n<li class=\" meta\">Equipado com uma luz LED para uma ilumina\u00e7\u00e3o \u00f3tima da \u00e1rea de trabalho<\/li>\n<\/ul>\n<\/div>\n","protected":false},"excerpt":{"rendered":"<p>Ref\u00aa 4514265 Membro da fam\u00edlia de produtos Power X-Change O martelo perfurador sem fio Einhell Professional TP-HD 18\/26 Li BL-Solo \u00e9 um verdadeiro talento multi\u00fasos Combina quatro fun\u00e7\u00f5es num aparelho: Perfura\u00e7\u00e3o, com martelo, cinzelagem com e sem fixa\u00e7\u00e3o Essas fun\u00e7\u00f5es podem ser definidas usando um interruptor de posi\u00e7\u00e3o central O dispositivo \u00e9 acionado pelo poderoso [&hellip;]<\/p>\n","protected":false},"featured_media":1171,"template":"","meta":{"_jet_sm_ready_style":"","_jet_sm_style":"","_jet_sm_controls_values":"","_jet_sm_fonts_collection":"","_jet_sm_fonts_links":""},"product_cat":[73],"product_tag":[],"aioseo_notices":[],"_links":{"self":[{"href":"https:\/\/frpcunha.pt\/2022\/wp-json\/wp\/v2\/product\/1170"}],"collection":[{"href":"https:\/\/frpcunha.pt\/2022\/wp-json\/wp\/v2\/product"}],"about":[{"href":"https:\/\/frpcunha.pt\/2022\/wp-json\/wp\/v2\/types\/product"}],"wp:featuredmedia":[{"embeddable":true,"href":"https:\/\/frpcunha.pt\/2022\/wp-json\/wp\/v2\/media\/1171"}],"wp:attachment":[{"href":"https:\/\/frpcunha.pt\/2022\/wp-json\/wp\/v2\/media?parent=1170"}],"wp:term":[{"taxonomy":"product_cat","embeddable":true,"href":"https:\/\/frpcunha.pt\/2022\/wp-json\/wp\/v2\/product_cat?post=1170"},{"taxonomy":"product_tag","embeddable":true,"href":"https:\/\/frpcunha.pt\/2022\/wp-json\/wp\/v2\/product_tag?post=1170"}],"curies":[{"name":"wp","href":"https:\/\/api.w.org\/{rel}","templated":true}]}}