{"id":1166,"date":"2024-04-14T17:59:13","date_gmt":"2024-04-14T17:59:13","guid":{"rendered":"https:\/\/frpcunha.pt\/2022\/?post_type=product&#038;p=1166"},"modified":"2024-04-14T18:03:59","modified_gmt":"2024-04-14T18:03:59","slug":"chave-de-impacto-a-bateria-impaxxo-18-230-solo","status":"publish","type":"product","link":"https:\/\/frpcunha.pt\/2022\/produto\/chave-de-impacto-a-bateria-impaxxo-18-230-solo\/","title":{"rendered":"CHAVE DE IMPACTO A BATERIA IMPAXXO 18\/230 &#8211; SOLO"},"content":{"rendered":"<div class=\"information__meta\"><strong><span class=\"meta\"><span class=\"bold\">Ref\u00aa 4510080<\/span><\/span><\/strong><\/div>\n<div class=\"information__content -standard-list\">\n<ul>\n<li class=\" meta\">Membro da fam\u00edlia de produtos Power X-Change<\/li>\n<li class=\" meta\">Motor Brushless \u2013 mais pot\u00eancia e vida \u00fatil do aparelho mais longa<\/li>\n<li class=\" meta\">Chave de impacto para aparafusamento sem esfor\u00e7o de parafusos grandes\/longos<\/li>\n<li class=\" meta\">Mecanismo especial de impacto que protege o pulso de for\u00e7as de tor\u00e7\u00e3o<\/li>\n<li class=\" meta\">Controlo eletr\u00f3nico da velocidade finamente ajust\u00e1vel para trabalhos sens\u00edveis<\/li>\n<li class=\"meta\">Inclui luz LED para ilumina\u00e7\u00e3o da \u00e1rea de trabalho<\/li>\n<li class=\"meta\">Fun\u00e7\u00e3o Quick-Stop para a troca r\u00e1pida de ferramenta<\/li>\n<li class=\"meta\">Rota\u00e7\u00e3o para a direita e para a esquerda para aparafusar e desaparafusar parafusos<\/li>\n<li class=\"meta\">Clipe para cinto para armazenamento tempor\u00e1rio seguro<\/li>\n<li class=\"meta\">Design ergon\u00f3mico e Softgrip para uma ader\u00eancia segura<\/li>\n<li class=\"meta\">Inclui adaptador de bits para a utiliza\u00e7\u00e3o de bits de aparafusamento<\/li>\n<li class=\"meta\">Fornecimento sem bateria e sem carregador<\/li>\n<li class=\"meta\">Torque m\u00e1ximo 230Nm<\/li>\n<\/ul>\n<\/div>\n","protected":false},"excerpt":{"rendered":"<p>Ref\u00aa 4510080 Membro da fam\u00edlia de produtos Power X-Change Motor Brushless \u2013 mais pot\u00eancia e vida \u00fatil do aparelho mais longa Chave de impacto para aparafusamento sem esfor\u00e7o de parafusos grandes\/longos Mecanismo especial de impacto que protege o pulso de for\u00e7as de tor\u00e7\u00e3o Controlo eletr\u00f3nico da velocidade finamente ajust\u00e1vel para trabalhos sens\u00edveis Inclui luz LED [&hellip;]<\/p>\n","protected":false},"featured_media":1167,"template":"","meta":{"_jet_sm_ready_style":"","_jet_sm_style":"","_jet_sm_controls_values":"","_jet_sm_fonts_collection":"","_jet_sm_fonts_links":""},"product_cat":[72],"product_tag":[],"aioseo_notices":[],"_links":{"self":[{"href":"https:\/\/frpcunha.pt\/2022\/wp-json\/wp\/v2\/product\/1166"}],"collection":[{"href":"https:\/\/frpcunha.pt\/2022\/wp-json\/wp\/v2\/product"}],"about":[{"href":"https:\/\/frpcunha.pt\/2022\/wp-json\/wp\/v2\/types\/product"}],"wp:featuredmedia":[{"embeddable":true,"href":"https:\/\/frpcunha.pt\/2022\/wp-json\/wp\/v2\/media\/1167"}],"wp:attachment":[{"href":"https:\/\/frpcunha.pt\/2022\/wp-json\/wp\/v2\/media?parent=1166"}],"wp:term":[{"taxonomy":"product_cat","embeddable":true,"href":"https:\/\/frpcunha.pt\/2022\/wp-json\/wp\/v2\/product_cat?post=1166"},{"taxonomy":"product_tag","embeddable":true,"href":"https:\/\/frpcunha.pt\/2022\/wp-json\/wp\/v2\/product_tag?post=1166"}],"curies":[{"name":"wp","href":"https:\/\/api.w.org\/{rel}","templated":true}]}}