{"id":1161,"date":"2024-04-13T14:57:34","date_gmt":"2024-04-13T14:57:34","guid":{"rendered":"https:\/\/frpcunha.pt\/2022\/?post_type=product&#038;p=1161"},"modified":"2024-04-14T19:08:12","modified_gmt":"2024-04-14T19:08:12","slug":"te-tk-18-2-li-kit-cdag","status":"publish","type":"product","link":"https:\/\/frpcunha.pt\/2022\/produto\/te-tk-18-2-li-kit-cdag\/","title":{"rendered":"TE-TK 18\/2 Li Kit (CD+AG)"},"content":{"rendered":"<div class=\"information__meta\"><strong><span class=\"meta\"><span class=\"bold\">Ref\u00aa <\/span><span class=\"data-point-itemno\">4257240<\/span><\/span><\/strong><\/div>\n<div class=\"information__content -standard-list\">\n<ul>\n<li>O potente conjunto de m\u00e1quinas Power X-Change consiste num berbequim aparafusador a bateria e rebarbadora angular a bateria.<\/li>\n<li>Proporciona a liberdade sem fio e \u00e9 essencial para muitas tarefas Do-It-Yourself em casa, oficina ou garagem.<\/li>\n<li>Podem ser realizados v\u00e1rios trabalhos b\u00e1sicos com o mesmo.<\/li>\n<li>O berbequim aparafusador a bateria TE-CD 18\/40 Li est\u00e1 equipado com um potente motor e engrenagem de metal de 2 velocidades de alta qualidade.<\/li>\n<li>O mandril de perfura\u00e7\u00e3o de aperto r\u00e1pido de manga \u00fanica tem uma fun\u00e7\u00e3o de Quick-Stop.<\/li>\n<li>A embreagem de deslizamento de torque permite trabalhos sens\u00edveis, especialmente a baixas rota\u00e7\u00f5es e em materiais macios<\/li>\n<li>A rebarbadora angular a bateria TC-AG 18\/115 Li possui uma caixa de engrenagem robusta em alum\u00ednio<\/li>\n<li>Est\u00e1 equipado com Softstart e prote\u00e7\u00e3o contra arranque para uma maior seguran\u00e7a do utilizador<\/li>\n<li>Uma conduta de ar modificada fornece um arrefecimento melhor e, assim, garante a durabilidade<\/li>\n<li>O conjunto de ferramentas \u00e9 armazenado de forma segura e protegida no pr\u00e1tico saco de transporte e armazenamento Einhell Bag<\/li>\n<li>O equipamento inclui n\u00e3o apenas a bateria PXC de 4,0 Ah e o carregador r\u00e1pido, mas tamb\u00e9m disco abrasivo, disco de corte, prote\u00e7\u00e3o de corte, bits e suporte de bits.<\/li>\n<\/ul>\n<p>&nbsp;<\/p>\n<\/div>\n","protected":false},"excerpt":{"rendered":"<p>Ref\u00aa 4257240 O potente conjunto de m\u00e1quinas Power X-Change consiste num berbequim aparafusador a bateria e rebarbadora angular a bateria. Proporciona a liberdade sem fio e \u00e9 essencial para muitas tarefas Do-It-Yourself em casa, oficina ou garagem. Podem ser realizados v\u00e1rios trabalhos b\u00e1sicos com o mesmo. O berbequim aparafusador a bateria TE-CD 18\/40 Li est\u00e1 [&hellip;]<\/p>\n","protected":false},"featured_media":1162,"template":"","meta":{"_jet_sm_ready_style":"","_jet_sm_style":"","_jet_sm_controls_values":"","_jet_sm_fonts_collection":"","_jet_sm_fonts_links":""},"product_cat":[66],"product_tag":[],"aioseo_notices":[],"_links":{"self":[{"href":"https:\/\/frpcunha.pt\/2022\/wp-json\/wp\/v2\/product\/1161"}],"collection":[{"href":"https:\/\/frpcunha.pt\/2022\/wp-json\/wp\/v2\/product"}],"about":[{"href":"https:\/\/frpcunha.pt\/2022\/wp-json\/wp\/v2\/types\/product"}],"wp:featuredmedia":[{"embeddable":true,"href":"https:\/\/frpcunha.pt\/2022\/wp-json\/wp\/v2\/media\/1162"}],"wp:attachment":[{"href":"https:\/\/frpcunha.pt\/2022\/wp-json\/wp\/v2\/media?parent=1161"}],"wp:term":[{"taxonomy":"product_cat","embeddable":true,"href":"https:\/\/frpcunha.pt\/2022\/wp-json\/wp\/v2\/product_cat?post=1161"},{"taxonomy":"product_tag","embeddable":true,"href":"https:\/\/frpcunha.pt\/2022\/wp-json\/wp\/v2\/product_tag?post=1161"}],"curies":[{"name":"wp","href":"https:\/\/api.w.org\/{rel}","templated":true}]}}