{"id":1146,"date":"2024-04-07T19:40:08","date_gmt":"2024-04-07T19:40:08","guid":{"rendered":"https:\/\/frpcunha.pt\/2022\/?post_type=product&#038;p=1146"},"modified":"2024-09-28T12:54:00","modified_gmt":"2024-09-28T12:54:00","slug":"berbequim-de-impacto-a-bateria-tp-cd-18-50-li-i-bl-solo","status":"publish","type":"product","link":"https:\/\/frpcunha.pt\/2022\/produto\/berbequim-de-impacto-a-bateria-tp-cd-18-50-li-i-bl-solo\/","title":{"rendered":"BERBEQUIM DE IMPACTO A BATERIA TP-CD 18\/50 Li-i BL SOLO"},"content":{"rendered":"<div class=\"information__meta\"><strong><span class=\"meta\"><span class=\"bold\">Ref\u00aa <\/span><span class=\"data-point-itemno\">4514235<\/span><\/span><\/strong><\/div>\n<div class=\"information__content -standard-list\">\n<ul>\n<li class=\" meta\">Membro da fam\u00edlia de produtos Power X-Change<\/li>\n<li class=\" meta\">Engrenagem de 2 velocidades para perfura\u00e7\u00e3o e aparafusamento potentes<\/li>\n<li class=\" meta\">Controlo eletr\u00f3nico\u00a0 de velocidade para trabalhos de acordo com o material e com a aplica\u00e7\u00e3o, gra\u00e7as \u00e0 tecnologia de i\u00f5es de l\u00edtio, sem autodescarga<\/li>\n<li class=\" meta\">M\u00e1xima flexibilidade nos trabalhos gra\u00e7as ao mandril de perfura\u00e7\u00e3o remov\u00edvel<\/li>\n<li class=\"meta\">Acess\u00f3rio de \u00e2ngulo de 90\u00b0 para aparafusamento e perfura\u00e7\u00e3o em espa\u00e7os estreitos<\/li>\n<li class=\"meta\">Acess\u00f3rio exc\u00eantrico para trabalhos em cantos e bordas<\/li>\n<li class=\"meta\">Trabalho ideal em zonas escuras, gra\u00e7as \u00e0 ilumina\u00e7\u00e3o LED<\/li>\n<li class=\"meta\">Suporte de bits no aparelho para um armazenamento pr\u00e1tico de bits intercambi\u00e1veis<\/li>\n<li class=\"meta\">M\u00e1xima facilidade de manuseamento, gra\u00e7as ao design ergon\u00f3mico e \u00e0 softgrip<\/li>\n<li class=\"meta\">Fornecimento com 2 baterias de 2,0 Ah PXC e carregador r\u00e1pido, incluindo conjunto pr\u00e1tico de bits e brocas de 22 pe\u00e7as<\/li>\n<li class=\"meta\">Fornecimento numa mala de transporte e armazenamento E-Box Basic<\/li>\n<\/ul>\n<p><strong>Detalhes T\u00e9cnicos<\/strong><\/p>\n<table class=\"table__table\" style=\"height: 229px\" width=\"533\">\n<tbody>\n<tr class=\"-show tr-odd\">\n<td><span class=\"bold\">Acumulador<\/span><\/td>\n<td>18 V | 2000 mAh | LiIo<\/td>\n<\/tr>\n<tr class=\"-show tr-even\">\n<td><span class=\"bold\">N\u00famero de velocidades<\/span><\/td>\n<td>2<\/td>\n<\/tr>\n<tr class=\"-show tr-odd\">\n<td><span class=\"bold\">Rota\u00e7\u00f5es em vazio (velocidade 1)<\/span><\/td>\n<td>450 min^-1<\/td>\n<\/tr>\n<tr class=\"-show tr-even\">\n<td><span class=\"bold\">Rota\u00e7\u00f5es em vazio (velocidade 2)<\/span><\/td>\n<td>1600 min^-1<\/td>\n<\/tr>\n<tr class=\"-show tr-odd\">\n<td><span class=\"bold\">Bin\u00e1rio m\u00e1x. junta dura<\/span><\/td>\n<td>45 Nm<\/td>\n<\/tr>\n<tr class=\"-show tr-even\">\n<td><span class=\"bold\">N\u00famero de N\u00edveis de Ajuste<\/span><\/td>\n<td>21 n\u00edveis<\/td>\n<\/tr>\n<tr class=\"-show tr-odd\">\n<td><span class=\"bold\">Bucha<\/span><\/td>\n<td>13 mm | manga \u00fanica<\/td>\n<\/tr>\n<tr class=\"-show tr-even\">\n<td><\/td>\n<td><\/td>\n<\/tr>\n<\/tbody>\n<\/table>\n<\/div>\n","protected":false},"excerpt":{"rendered":"<p>Ref\u00aa 4514235 Membro da fam\u00edlia de produtos Power X-Change Engrenagem de 2 velocidades para perfura\u00e7\u00e3o e aparafusamento potentes Controlo eletr\u00f3nico\u00a0 de velocidade para trabalhos de acordo com o material e com a aplica\u00e7\u00e3o, gra\u00e7as \u00e0 tecnologia de i\u00f5es de l\u00edtio, sem autodescarga M\u00e1xima flexibilidade nos trabalhos gra\u00e7as ao mandril de perfura\u00e7\u00e3o remov\u00edvel Acess\u00f3rio de \u00e2ngulo [&hellip;]<\/p>\n","protected":false},"featured_media":1147,"template":"","meta":{"_jet_sm_ready_style":"","_jet_sm_style":"","_jet_sm_controls_values":"","_jet_sm_fonts_collection":"","_jet_sm_fonts_links":""},"product_cat":[67,44],"product_tag":[],"aioseo_notices":[],"_links":{"self":[{"href":"https:\/\/frpcunha.pt\/2022\/wp-json\/wp\/v2\/product\/1146"}],"collection":[{"href":"https:\/\/frpcunha.pt\/2022\/wp-json\/wp\/v2\/product"}],"about":[{"href":"https:\/\/frpcunha.pt\/2022\/wp-json\/wp\/v2\/types\/product"}],"wp:featuredmedia":[{"embeddable":true,"href":"https:\/\/frpcunha.pt\/2022\/wp-json\/wp\/v2\/media\/1147"}],"wp:attachment":[{"href":"https:\/\/frpcunha.pt\/2022\/wp-json\/wp\/v2\/media?parent=1146"}],"wp:term":[{"taxonomy":"product_cat","embeddable":true,"href":"https:\/\/frpcunha.pt\/2022\/wp-json\/wp\/v2\/product_cat?post=1146"},{"taxonomy":"product_tag","embeddable":true,"href":"https:\/\/frpcunha.pt\/2022\/wp-json\/wp\/v2\/product_tag?post=1146"}],"curies":[{"name":"wp","href":"https:\/\/api.w.org\/{rel}","templated":true}]}}