{"id":1110,"date":"2024-04-05T23:17:09","date_gmt":"2024-04-05T23:17:09","guid":{"rendered":"https:\/\/frpcunha.pt\/2022\/?page_id=1110"},"modified":"2024-04-07T19:14:18","modified_gmt":"2024-04-07T19:14:18","slug":"folhetos","status":"publish","type":"page","link":"https:\/\/frpcunha.pt\/2022\/folhetos\/","title":{"rendered":"Folhetos"},"content":{"rendered":"\t\t<div data-elementor-type=\"wp-page\" data-elementor-id=\"1110\" class=\"elementor elementor-1110\">\n\t\t\t\t\t\t\t\t\t<section class=\"elementor-section elementor-top-section elementor-element elementor-element-cd4aacd elementor-section-boxed elementor-section-height-default elementor-section-height-default\" data-id=\"cd4aacd\" data-element_type=\"section\" data-settings=\"{&quot;jet_parallax_layout_list&quot;:[],&quot;background_background&quot;:&quot;classic&quot;}\">\n\t\t\t\t\t\t<div class=\"elementor-container elementor-column-gap-default\">\n\t\t\t\t\t<div class=\"elementor-column elementor-col-100 elementor-top-column elementor-element elementor-element-cf17a13\" data-id=\"cf17a13\" data-element_type=\"column\">\n\t\t\t<div class=\"elementor-widget-wrap elementor-element-populated\">\n\t\t\t\t\t\t\t\t<div class=\"elementor-element elementor-element-93cb87c elementor-widget elementor-widget-heading\" data-id=\"93cb87c\" data-element_type=\"widget\" data-widget_type=\"heading.default\">\n\t\t\t\t<div class=\"elementor-widget-container\">\n\t\t\t<style>\/*! elementor - v3.16.0 - 09-10-2023 *\/\n.elementor-heading-title{padding:0;margin:0;line-height:1}.elementor-widget-heading .elementor-heading-title[class*=elementor-size-]>a{color:inherit;font-size:inherit;line-height:inherit}.elementor-widget-heading .elementor-heading-title.elementor-size-small{font-size:15px}.elementor-widget-heading .elementor-heading-title.elementor-size-medium{font-size:19px}.elementor-widget-heading .elementor-heading-title.elementor-size-large{font-size:29px}.elementor-widget-heading .elementor-heading-title.elementor-size-xl{font-size:39px}.elementor-widget-heading .elementor-heading-title.elementor-size-xxl{font-size:59px}<\/style><h1 class=\"elementor-heading-title elementor-size-default\">Folhetos<\/h1>\t\t<\/div>\n\t\t\t\t<\/div>\n\t\t\t\t<div class=\"elementor-element elementor-element-390ebb3 elementor-widget elementor-widget-heading\" data-id=\"390ebb3\" data-element_type=\"widget\" data-widget_type=\"heading.default\">\n\t\t\t\t<div class=\"elementor-widget-container\">\n\t\t\t<h5 class=\"elementor-heading-title elementor-size-default\">Consulte todos os nossos folhetos e entre em contacto connosco para fazer a sua encomenda. <\/h5>\t\t<\/div>\n\t\t\t\t<\/div>\n\t\t\t\t\t<\/div>\n\t\t<\/div>\n\t\t\t\t\t\t\t<\/div>\n\t\t<\/section>\n\t\t\t\t<section class=\"elementor-section elementor-top-section elementor-element elementor-element-75f3c1b elementor-section-boxed elementor-section-height-default elementor-section-height-default\" data-id=\"75f3c1b\" data-element_type=\"section\" data-settings=\"{&quot;jet_parallax_layout_list&quot;:[]}\">\n\t\t\t\t\t\t<div class=\"elementor-container elementor-column-gap-default\">\n\t\t\t\t\t<div class=\"elementor-column elementor-col-50 elementor-top-column elementor-element elementor-element-af891e0\" data-id=\"af891e0\" data-element_type=\"column\">\n\t\t\t<div class=\"elementor-widget-wrap elementor-element-populated\">\n\t\t\t\t\t\t\t\t<div class=\"elementor-element elementor-element-ac001bb elementor-widget__width-initial elementor-widget elementor-widget-image\" data-id=\"ac001bb\" data-element_type=\"widget\" data-widget_type=\"image.default\">\n\t\t\t\t<div class=\"elementor-widget-container\">\n\t\t\t<style>\/*! elementor - v3.16.0 - 09-10-2023 *\/\n.elementor-widget-image{text-align:center}.elementor-widget-image a{display:inline-block}.elementor-widget-image a img[src$=\".svg\"]{width:48px}.elementor-widget-image img{vertical-align:middle;display:inline-block}<\/style>\t\t\t\t\t\t\t\t\t<figure class=\"wp-caption\">\n\t\t\t\t\t\t\t\t\t\t\t<a href=\"https:\/\/www.einhell.pt\/fileadmin\/PT\/catalogues\/pdf-pt\/einhell-service-folheto-primavera-2024.pdf\" target=\"_blank\">\n\t\t\t\t\t\t\t<img width=\"600\" height=\"385\" src=\"https:\/\/frpcunha.pt\/2022\/wp-content\/uploads\/2024\/04\/teste1-600x385.jpg\" class=\"attachment-woocommerce_single size-woocommerce_single wp-image-1086\" alt=\"\" loading=\"lazy\" srcset=\"https:\/\/frpcunha.pt\/2022\/wp-content\/uploads\/2024\/04\/teste1-600x385.jpg 600w, https:\/\/frpcunha.pt\/2022\/wp-content\/uploads\/2024\/04\/teste1-300x192.jpg 300w, https:\/\/frpcunha.pt\/2022\/wp-content\/uploads\/2024\/04\/teste1.jpg 756w\" sizes=\"(max-width: 600px) 100vw, 600px\" \/>\t\t\t\t\t\t\t\t<\/a>\n\t\t\t\t\t\t\t\t\t\t\t<figcaption class=\"widget-image-caption wp-caption-text\">Promo\u00e7\u00e3o Einhell <\/figcaption>\n\t\t\t\t\t\t\t\t\t\t<\/figure>\n\t\t\t\t\t\t\t\t\t<\/div>\n\t\t\t\t<\/div>\n\t\t\t\t\t<\/div>\n\t\t<\/div>\n\t\t\t\t<div class=\"elementor-column elementor-col-50 elementor-top-column elementor-element elementor-element-26eb5cc\" data-id=\"26eb5cc\" data-element_type=\"column\">\n\t\t\t<div class=\"elementor-widget-wrap elementor-element-populated\">\n\t\t\t\t\t\t\t\t<div class=\"elementor-element elementor-element-840b984 elementor-widget__width-initial elementor-widget elementor-widget-image\" data-id=\"840b984\" data-element_type=\"widget\" data-widget_type=\"image.default\">\n\t\t\t\t<div class=\"elementor-widget-container\">\n\t\t\t\t\t\t\t\t\t\t\t\t<figure class=\"wp-caption\">\n\t\t\t\t\t\t\t\t\t\t\t<a href=\"https:\/\/online.fliphtml5.com\/spfqz\/wbsy\/#p=1\" target=\"_blank\">\n\t\t\t\t\t\t\t<img width=\"476\" height=\"425\" src=\"https:\/\/frpcunha.pt\/2022\/wp-content\/uploads\/2024\/04\/Captura-de-ecra-2024-04-07-190815.png\" class=\"attachment-woocommerce_single size-woocommerce_single wp-image-1127\" alt=\"\" loading=\"lazy\" srcset=\"https:\/\/frpcunha.pt\/2022\/wp-content\/uploads\/2024\/04\/Captura-de-ecra-2024-04-07-190815.png 476w, https:\/\/frpcunha.pt\/2022\/wp-content\/uploads\/2024\/04\/Captura-de-ecra-2024-04-07-190815-300x268.png 300w\" sizes=\"(max-width: 476px) 100vw, 476px\" \/>\t\t\t\t\t\t\t\t<\/a>\n\t\t\t\t\t\t\t\t\t\t\t<figcaption class=\"widget-image-caption wp-caption-text\">Proma\u00e7\u00e3o Stihl<\/figcaption>\n\t\t\t\t\t\t\t\t\t\t<\/figure>\n\t\t\t\t\t\t\t\t\t<\/div>\n\t\t\t\t<\/div>\n\t\t\t\t\t<\/div>\n\t\t<\/div>\n\t\t\t\t\t\t\t<\/div>\n\t\t<\/section>\n\t\t\t\t<section class=\"elementor-section elementor-top-section elementor-element elementor-element-7a5aeff elementor-section-boxed elementor-section-height-default elementor-section-height-default\" data-id=\"7a5aeff\" data-element_type=\"section\" data-settings=\"{&quot;jet_parallax_layout_list&quot;:[]}\">\n\t\t\t\t\t\t<div class=\"elementor-container elementor-column-gap-default\">\n\t\t\t\t\t<div class=\"elementor-column elementor-col-100 elementor-top-column elementor-element elementor-element-6e8a39d\" data-id=\"6e8a39d\" data-element_type=\"column\">\n\t\t\t<div class=\"elementor-widget-wrap elementor-element-populated\">\n\t\t\t\t\t\t\t\t<div class=\"elementor-element elementor-element-f60499b elementor-widget elementor-widget-text-editor\" data-id=\"f60499b\" data-element_type=\"widget\" data-widget_type=\"text-editor.default\">\n\t\t\t\t<div class=\"elementor-widget-container\">\n\t\t\t<style>\/*! elementor - v3.16.0 - 09-10-2023 *\/\n.elementor-widget-text-editor.elementor-drop-cap-view-stacked .elementor-drop-cap{background-color:#69727d;color:#fff}.elementor-widget-text-editor.elementor-drop-cap-view-framed .elementor-drop-cap{color:#69727d;border:3px solid;background-color:transparent}.elementor-widget-text-editor:not(.elementor-drop-cap-view-default) .elementor-drop-cap{margin-top:8px}.elementor-widget-text-editor:not(.elementor-drop-cap-view-default) .elementor-drop-cap-letter{width:1em;height:1em}.elementor-widget-text-editor .elementor-drop-cap{float:left;text-align:center;line-height:1;font-size:50px}.elementor-widget-text-editor .elementor-drop-cap-letter{display:inline-block}<\/style>\t\t\t\t<div data-block-id=\"block-d6e0f283-b680-41be-b438-19346ddb8161\"><strong>Como encomendar produtos atrav\u00e9s dos folhetos? <\/strong><\/div><div data-block-id=\"block-1a5f1c44-20b1-4323-afcb-336e09d7ba56\">Para encomendar produtos de um ou mais folhetos, indique na se\u00e7\u00e3o abaixo as seguintes informa\u00e7\u00f5es: <br \/>Nome do folheto, marca, p\u00e1gina onde se encontra o produto, nome do produto e a quantidade que pretende.<\/div><div data-block-id=\"block-b48992c0-3176-462b-befc-f56ae4ca10f7\">Se pretender encomendar mais do que um produto repita o mesmo processo.<\/div><div data-block-id=\"block-9e1b604d-6267-4ab9-892d-7fe6e83ad2fe\">Enviaremos o or\u00e7amento do seu pedido assim que poss\u00edvel via e-mail.\u00a0<\/div>\t\t\t\t\t\t<\/div>\n\t\t\t\t<\/div>\n\t\t\t\t\t<\/div>\n\t\t<\/div>\n\t\t\t\t\t\t\t<\/div>\n\t\t<\/section>\n\t\t\t\t<section class=\"elementor-section elementor-top-section elementor-element elementor-element-9cb9071 elementor-section-boxed elementor-section-height-default elementor-section-height-default\" data-id=\"9cb9071\" data-element_type=\"section\" data-settings=\"{&quot;jet_parallax_layout_list&quot;:[]}\">\n\t\t\t\t\t\t<div class=\"elementor-container elementor-column-gap-default\">\n\t\t\t\t\t<div class=\"elementor-column elementor-col-100 elementor-top-column elementor-element elementor-element-b96169a\" data-id=\"b96169a\" data-element_type=\"column\">\n\t\t\t<div class=\"elementor-widget-wrap elementor-element-populated\">\n\t\t\t\t\t\t\t\t<div class=\"elementor-element elementor-element-103aadb elementor-widget elementor-widget-contact-form-7\" data-id=\"103aadb\" data-element_type=\"widget\" data-widget_type=\"contact-form-7.default\">\n\t\t\t\t<div class=\"elementor-widget-container\">\n\t\t\t<div class=\"elementor-contact-form-7 jet-elements\"><div role=\"form\" class=\"wpcf7\" id=\"wpcf7-f979-o1\" lang=\"pt-PT\" dir=\"ltr\">\n<div class=\"screen-reader-response\"><p role=\"status\" aria-live=\"polite\" aria-atomic=\"true\"><\/p> <ul><\/ul><\/div>\n<form action=\"\/2022\/wp-json\/wp\/v2\/pages\/1110#wpcf7-f979-o1\" method=\"post\" class=\"wpcf7-form init\" novalidate=\"novalidate\" data-status=\"init\">\n<div style=\"display: none;\">\n<input type=\"hidden\" name=\"_wpcf7\" value=\"979\" \/>\n<input type=\"hidden\" name=\"_wpcf7_version\" value=\"5.6.3\" \/>\n<input type=\"hidden\" name=\"_wpcf7_locale\" value=\"pt_PT\" \/>\n<input type=\"hidden\" name=\"_wpcf7_unit_tag\" value=\"wpcf7-f979-o1\" \/>\n<input type=\"hidden\" name=\"_wpcf7_container_post\" value=\"0\" \/>\n<input type=\"hidden\" name=\"_wpcf7_posted_data_hash\" value=\"\" \/>\n<\/div>\n<p><label> O seu nome<br \/>\n    <span class=\"wpcf7-form-control-wrap\" data-name=\"your-name\"><input type=\"text\" name=\"your-name\" value=\"\" size=\"40\" class=\"wpcf7-form-control wpcf7-text wpcf7-validates-as-required\" aria-required=\"true\" aria-invalid=\"false\" \/><\/span> <\/label><\/p>\n<p><label> O seu email<br \/>\n    <span class=\"wpcf7-form-control-wrap\" data-name=\"your-email\"><input type=\"email\" name=\"your-email\" value=\"\" size=\"40\" class=\"wpcf7-form-control wpcf7-text wpcf7-email wpcf7-validates-as-required wpcf7-validates-as-email\" aria-required=\"true\" aria-invalid=\"false\" \/><\/span> <\/label><\/p>\n<p><label> Assunto<br \/>\n    <span class=\"wpcf7-form-control-wrap\" data-name=\"your-subject\"><input type=\"text\" name=\"your-subject\" value=\"\" size=\"40\" class=\"wpcf7-form-control wpcf7-text wpcf7-validates-as-required\" aria-required=\"true\" aria-invalid=\"false\" \/><\/span> <\/label><\/p>\n<p><label> A sua mensagem (opcional)<br \/>\n    <span class=\"wpcf7-form-control-wrap\" data-name=\"your-message\"><textarea name=\"your-message\" cols=\"40\" rows=\"10\" class=\"wpcf7-form-control wpcf7-textarea\" aria-invalid=\"false\"><\/textarea><\/span> <\/label><\/p>\n<p><input type=\"submit\" value=\"Submeter\" class=\"wpcf7-form-control has-spinner wpcf7-submit\" \/><\/p>\n<p style=\"display: none !important;\"><label>&#916;<textarea name=\"_wpcf7_ak_hp_textarea\" cols=\"45\" rows=\"8\" maxlength=\"100\"><\/textarea><\/label><input type=\"hidden\" id=\"ak_js_1\" name=\"_wpcf7_ak_js\" value=\"180\"\/><script>document.getElementById( \"ak_js_1\" ).setAttribute( \"value\", ( new Date() ).getTime() );<\/script><\/p><div class=\"wpcf7-response-output\" aria-hidden=\"true\"><\/div><\/form><\/div><\/div>\t\t<\/div>\n\t\t\t\t<\/div>\n\t\t\t\t\t<\/div>\n\t\t<\/div>\n\t\t\t\t\t\t\t<\/div>\n\t\t<\/section>\n\t\t\t\t<section class=\"elementor-section elementor-top-section elementor-element elementor-element-f32090a elementor-section-boxed elementor-section-height-default elementor-section-height-default\" data-id=\"f32090a\" data-element_type=\"section\" data-settings=\"{&quot;jet_parallax_layout_list&quot;:[]}\">\n\t\t\t\t\t\t<div class=\"elementor-container elementor-column-gap-default\">\n\t\t\t\t\t<div class=\"elementor-column elementor-col-100 elementor-top-column elementor-element elementor-element-400cf39\" data-id=\"400cf39\" data-element_type=\"column\">\n\t\t\t<div class=\"elementor-widget-wrap\">\n\t\t\t\t\t\t\t\t\t<\/div>\n\t\t<\/div>\n\t\t\t\t\t\t\t<\/div>\n\t\t<\/section>\n\t\t\t\t<section class=\"elementor-section elementor-top-section elementor-element elementor-element-fca0271 elementor-section-boxed elementor-section-height-default elementor-section-height-default\" data-id=\"fca0271\" data-element_type=\"section\" data-settings=\"{&quot;jet_parallax_layout_list&quot;:[]}\">\n\t\t\t\t\t\t<div class=\"elementor-container elementor-column-gap-default\">\n\t\t\t\t\t<div class=\"elementor-column elementor-col-100 elementor-top-column elementor-element elementor-element-4ddb864\" data-id=\"4ddb864\" data-element_type=\"column\">\n\t\t\t<div class=\"elementor-widget-wrap\">\n\t\t\t\t\t\t\t\t\t<\/div>\n\t\t<\/div>\n\t\t\t\t\t\t\t<\/div>\n\t\t<\/section>\n\t\t\t\t\t\t\t<\/div>\n\t\t","protected":false},"excerpt":{"rendered":"<p>\/*! elementor &#8211; v3.16.0 &#8211; 09-10-2023 *\/ .elementor-heading-title{padding:0;margin:0;line-height:1}.elementor-widget-heading .elementor-heading-title[class*=elementor-size-]&gt;a{color:inherit;font-size:inherit;line-height:inherit}.elementor-widget-heading .elementor-heading-title.elementor-size-small{font-size:15px}.elementor-widget-heading .elementor-heading-title.elementor-size-medium{font-size:19px}.elementor-widget-heading .elementor-heading-title.elementor-size-large{font-size:29px}.elementor-widget-heading .elementor-heading-title.elementor-size-xl{font-size:39px}.elementor-widget-heading .elementor-heading-title.elementor-size-xxl{font-size:59px} Folhetos Consulte todos os nossos folhetos e entre em contacto connosco para fazer a sua encomenda. \/*! elementor &#8211; v3.16.0 &#8211; 09-10-2023 *\/ .elementor-widget-image{text-align:center}.elementor-widget-image a{display:inline-block}.elementor-widget-image a img[src$=&#8221;.svg&#8221;]{width:48px}.elementor-widget-image img{vertical-align:middle;display:inline-block} Promo\u00e7\u00e3o Einhell Proma\u00e7\u00e3o Stihl Como encomendar produtos atrav\u00e9s dos folhetos? Para encomendar produtos [&hellip;]<\/p>\n","protected":false},"author":2,"featured_media":0,"parent":0,"menu_order":0,"comment_status":"closed","ping_status":"closed","template":"elementor_header_footer","meta":{"_jet_sm_ready_style":"","_jet_sm_style":"","_jet_sm_controls_values":"","_jet_sm_fonts_collection":"","_jet_sm_fonts_links":""},"aioseo_notices":[],"_links":{"self":[{"href":"https:\/\/frpcunha.pt\/2022\/wp-json\/wp\/v2\/pages\/1110"}],"collection":[{"href":"https:\/\/frpcunha.pt\/2022\/wp-json\/wp\/v2\/pages"}],"about":[{"href":"https:\/\/frpcunha.pt\/2022\/wp-json\/wp\/v2\/types\/page"}],"author":[{"embeddable":true,"href":"https:\/\/frpcunha.pt\/2022\/wp-json\/wp\/v2\/users\/2"}],"replies":[{"embeddable":true,"href":"https:\/\/frpcunha.pt\/2022\/wp-json\/wp\/v2\/comments?post=1110"}],"version-history":[{"count":16,"href":"https:\/\/frpcunha.pt\/2022\/wp-json\/wp\/v2\/pages\/1110\/revisions"}],"predecessor-version":[{"id":1136,"href":"https:\/\/frpcunha.pt\/2022\/wp-json\/wp\/v2\/pages\/1110\/revisions\/1136"}],"wp:attachment":[{"href":"https:\/\/frpcunha.pt\/2022\/wp-json\/wp\/v2\/media?parent=1110"}],"curies":[{"name":"wp","href":"https:\/\/api.w.org\/{rel}","templated":true}]}}